{"id":423,"date":"2025-12-01T18:28:56","date_gmt":"2025-12-02T00:28:56","guid":{"rendered":"https:\/\/tonallicorpus.com\/?page_id=423"},"modified":"2026-01-01T18:05:38","modified_gmt":"2026-01-02T00:05:38","slug":"acknowledgments","status":"publish","type":"page","link":"https:\/\/tonallicorpus.com\/?page_id=423","title":{"rendered":"Acknowledgments"},"content":{"rendered":"<p style=\"text-align: justify;\">The project <em data-start=\"103\" data-end=\"193\">\u201cConstructing a Multilingual Parallel Corpus Dataset of Nahuatl and Totonaco Variations\u201d<\/em> wishes to express its deep appreciation for the generous support received throughout its development. The successful completion of fieldwork, interviews, and data collection has been possible thanks to the collaboration of institutions and individuals who have provided access to spaces, infrastructure, logistical assistance, academic guidance, and community coordination. Their contributions have strengthened the scientific, cultural, and social value of this initiative and ensured that the documentation of these indigenous languages is carried out with respect, rigor, and community engagement.\u00a0<\/p>\n<p style=\"text-align: justify;\">We extend our sincere gratitude to the <strong>Secretariat of Public Education of the State of Puebla (Secretar\u00eda de Educaci\u00f3n P\u00fablica del Estado de Puebla) <\/strong>and the <strong>General Secondary Education Division (Nivel de Secundarias Generales) <\/strong>for their invaluable support to this project. We especially acknowledge the collaboration and assistance of the <strong>Director of General Secondary Education, Mtro. Antonio Esequiel Herrera Fern\u00e1ndez<\/strong>, whose guidance and institutional facilitation have greatly contributed to the successful coordination of our activities. Their commitment to promoting educational and cultural development in Puebla has significantly strengthened the reach and impact of our work.<\/p>\n\n\n<p>Additionally, we extend our heartfelt gratitude <strong>to the following institutions and individuals:<\/strong><\/p>\n\n\n<h2 style=\"text-align: center;\"><strong>Escuela Secundaria General \u201cCuautempan\u201d<\/strong><\/h2>\n<h3 style=\"text-align: center;\">Responsable<\/h3>\n<p style=\"text-align: center;\">Mtra. Iris Citlali Reyes Aco<\/p>\n<h3 style=\"text-align: center;\">Director de la Escuela<\/h3>\n<p style=\"text-align: center;\">Mtro. Rub\u00e9n Bonilla Mora<\/p>\n<h3 style=\"text-align: center;\">Inspectora General de Segunda Ense\u00f1anza Zona Escolar \u00a0015 Federal, Chignahuapan<\/h3>\n<p style=\"text-align: center;\">Dra. Sofia Paniagua Rivera<\/p>\n<p>\u00a0<\/p>\n<h2 style=\"text-align: center;\"><strong>Escuela Secundaria General \u201cAlejandrina R. de Enriquez\u201d<\/strong><\/h2>\n<h3 style=\"text-align: center;\">Subdirector de la Escuela<\/h3>\n<p style=\"text-align: center;\">Mtro. Gerardo \u00c1lvarez Cort\u00e9s<\/p>\n<h3 style=\"text-align: center;\">Encargada de Despacho Zona Escolar \u00a0012 Federal, Zacapoaxtla<\/h3>\n<p style=\"text-align: center;\">Mtra. Patricia Galicia Mart\u00ednez<\/p>\n<p>\u00a0<\/p>\n<h2 style=\"text-align: center;\"><strong>Escuela Secundaria General \u201cNicol\u00e1s Bravo\u201d<\/strong><\/h2>\n<h3 style=\"text-align: center;\">Directora de la Escuela<\/h3>\n<p style=\"text-align: center;\">Mtra. Griselda Berenice Cabrera Gonzaga<\/p>\n<h3 style=\"text-align: center;\">Inspectora General de Segunda Ense\u00f1anza Zona Escolar 037 Estatal<\/h3>\n<p style=\"text-align: center;\">Mtra. Mar\u00eda Alejandra S\u00e1nchez Hern\u00e1ndez<\/p>\n<h2>\u00a0<\/h2>\n<h2 style=\"text-align: center;\"><strong>Escuela Secundaria General \u201cRodolfo Rodr\u00edguez Le\u00f3n\u201d<\/strong><\/h2>\n<h3 style=\"text-align: center;\">Responsable<\/h3>\n<p style=\"text-align: center;\">Mtro. Zeferino Mart\u00ednez Rodr\u00edguez<\/p>\n<h3 style=\"text-align: center;\">Directora de la Escuela<\/h3>\n<p style=\"text-align: center;\">Mtra. Guadalupe Palomino Herrera<\/p>\n<h3 style=\"text-align: center;\">Coordinador del departamento t\u00e9cnico pedag\u00f3gico del Nivel de Secundarias Generales<\/h3>\n<p style=\"text-align: center;\">Mtro. Eric Fern\u00e1ndez Hern\u00e1ndez<\/p>\n<h3 style=\"text-align: center;\">ATP del Nivel de Direcci\u00f3n de Secundarias Generales<\/h3>\n<p style=\"text-align: center;\">Mtra. Rosa Eugenia Flores Le\u00f3n<\/p>\n<p>\u00a0<\/p>\n<h2 style=\"text-align: center;\"><strong>Municipio de Zapotitl\u00e1n de M\u00e9ndez, Puebla<\/strong><\/h2>\n<h3 style=\"text-align: center;\">Presidente del municipio<\/h3>\n<p style=\"text-align: center;\">Salvador Tino Mart\u00ednez<\/p>\n<h3 style=\"text-align: center;\">Contralora del municipio<\/h3>\n<p style=\"text-align: center;\">Analley Ju\u00e1rez Estaban<\/p>\n<h3 style=\"text-align: center;\">Directora de Turismo<\/h3>\n<p style=\"text-align: center;\">Sandra Tino Zacar\u00edas<\/p>\n<h3 style=\"text-align: center;\">Enlace municipio<\/h3>\n<p style=\"text-align: center;\">Mtro. Jos\u00e9 Guillermo Ar\u00e9chiga Santamar\u00eda<\/p>\n<p>\u00a0<\/p>\n<h2 style=\"text-align: center;\"><strong>Escuela Primaria Oficial \u201cLic. Benito Ju\u00e1rez\u201d<\/strong><\/h2>\n<h3 style=\"text-align: center;\">Director de la Escuela<\/h3>\n<p style=\"text-align: center;\">Mtro. Ren\u00e9 Ignacio Robles Monfort<\/p>\n<h3 style=\"text-align: center;\">Inspectora General de Nivel Primaria, Canoa<\/h3>\n<p style=\"text-align: center;\">Nancy Estrella Hern\u00e1ndez Mu\u00f1oz<\/p>\n<h3 style=\"text-align: center;\">Enlace escuela<\/h3>\n<h3 style=\"text-align: center;\">Inspectora General de Segunda Ense\u00f1anza Zona Escolar 008 Estatal<\/h3>\n<p style=\"text-align: center;\">Mtra. B\u00e1rbara Alicia Fern\u00e1ndez Carpinteyro<\/p>\n<p>\u00a0<\/p>\n<h2 style=\"text-align: center;\"><strong>Grupo M\u00fasico Cultural &#8220;Kaleidoscopio&#8221;<\/strong><\/h2>\n<h3 style=\"text-align: center;\">Mujeres Investigadoras<\/h3>\n<p style=\"text-align: center;\">Mtra. Mayra Leticia Benavides Ch\u00e1vez <br \/>Q.F.B. Julieta Patricia S\u00e1nchez Ru\u00edz<br \/>Diana Silvestre Rodr\u00edguez Gayoso<\/p>","protected":false},"excerpt":{"rendered":"<p>The project \u201cConstructing a Multilingual Parallel Corpus Dataset of Nahuatl and Totonaco Variations\u201d wishes to express its deep appreciation for [&hellip;]<\/p>\n","protected":false},"author":1,"featured_media":0,"parent":0,"menu_order":0,"comment_status":"closed","ping_status":"closed","template":"","meta":{"site-sidebar-layout":"default","site-content-layout":"","ast-site-content-layout":"default","site-content-style":"default","site-sidebar-style":"default","ast-global-header-display":"","ast-banner-title-visibility":"","ast-main-header-display":"","ast-hfb-above-header-display":"","ast-hfb-below-header-display":"","ast-hfb-mobile-header-display":"","site-post-title":"","ast-breadcrumbs-content":"","ast-featured-img":"","footer-sml-layout":"","theme-transparent-header-meta":"","adv-header-id-meta":"","stick-header-meta":"","header-above-stick-meta":"","header-main-stick-meta":"","header-below-stick-meta":"","astra-migrate-meta-layouts":"default","ast-page-background-enabled":"default","ast-page-background-meta":{"desktop":{"background-color":"var(--ast-global-color-5)","background-image":"","background-repeat":"repeat","background-position":"center center","background-size":"auto","background-attachment":"scroll","background-type":"","background-media":"","overlay-type":"","overlay-color":"","overlay-opacity":"","overlay-gradient":""},"tablet":{"background-color":"","background-image":"","background-repeat":"repeat","background-position":"center center","background-size":"auto","background-attachment":"scroll","background-type":"","background-media":"","overlay-type":"","overlay-color":"","overlay-opacity":"","overlay-gradient":""},"mobile":{"background-color":"","background-image":"","background-repeat":"repeat","background-position":"center center","background-size":"auto","background-attachment":"scroll","background-type":"","background-media":"","overlay-type":"","overlay-color":"","overlay-opacity":"","overlay-gradient":""}},"ast-content-background-meta":{"desktop":{"background-color":"var(--ast-global-color-4)","background-image":"","background-repeat":"repeat","background-position":"center center","background-size":"auto","background-attachment":"scroll","background-type":"","background-media":"","overlay-type":"","overlay-color":"","overlay-opacity":"","overlay-gradient":""},"tablet":{"background-color":"var(--ast-global-color-4)","background-image":"","background-repeat":"repeat","background-position":"center center","background-size":"auto","background-attachment":"scroll","background-type":"","background-media":"","overlay-type":"","overlay-color":"","overlay-opacity":"","overlay-gradient":""},"mobile":{"background-color":"var(--ast-global-color-4)","background-image":"","background-repeat":"repeat","background-position":"center center","background-size":"auto","background-attachment":"scroll","background-type":"","background-media":"","overlay-type":"","overlay-color":"","overlay-opacity":"","overlay-gradient":""}},"footnotes":""},"class_list":["post-423","page","type-page","status-publish","hentry"],"_links":{"self":[{"href":"https:\/\/tonallicorpus.com\/index.php?rest_route=\/wp\/v2\/pages\/423","targetHints":{"allow":["GET"]}}],"collection":[{"href":"https:\/\/tonallicorpus.com\/index.php?rest_route=\/wp\/v2\/pages"}],"about":[{"href":"https:\/\/tonallicorpus.com\/index.php?rest_route=\/wp\/v2\/types\/page"}],"author":[{"embeddable":true,"href":"https:\/\/tonallicorpus.com\/index.php?rest_route=\/wp\/v2\/users\/1"}],"replies":[{"embeddable":true,"href":"https:\/\/tonallicorpus.com\/index.php?rest_route=%2Fwp%2Fv2%2Fcomments&post=423"}],"version-history":[{"count":18,"href":"https:\/\/tonallicorpus.com\/index.php?rest_route=\/wp\/v2\/pages\/423\/revisions"}],"predecessor-version":[{"id":544,"href":"https:\/\/tonallicorpus.com\/index.php?rest_route=\/wp\/v2\/pages\/423\/revisions\/544"}],"wp:attachment":[{"href":"https:\/\/tonallicorpus.com\/index.php?rest_route=%2Fwp%2Fv2%2Fmedia&parent=423"}],"curies":[{"name":"wp","href":"https:\/\/api.w.org\/{rel}","templated":true}]}}